{"id":52,"date":"2015-11-09T15:26:02","date_gmt":"2015-11-09T14:26:02","guid":{"rendered":"https:\/\/www.pharmacie-homeopathie.com\/blog\/?page_id=52"},"modified":"2016-04-19T11:55:52","modified_gmt":"2016-04-19T09:55:52","slug":"notre-preparatoire","status":"publish","type":"page","link":"https:\/\/www.pharmacie-homeopathie.com\/blog\/notre-preparatoire\/","title":{"rendered":"Notre pr\u00e9paratoire"},"content":{"rendered":"<h2><span style=\"color: #000000;\">Pr\u00e9sentation de notre pr\u00e9paratoire<\/span><\/h2>\n<p style=\"text-align: justify;\"><span style=\"color: #000000;\"><strong>Les pr\u00e9parations magistrales<\/strong> constituent un des devoirs du pharmacien \u00e0 l\u2019\u00e9gard de la sant\u00e9 publique et r\u00e9pond de droit \u00e0 ses attributions. C\u2019est encore aujourd\u2019hui une des activit\u00e9s qui permet de diff\u00e9rencier et de prot\u00e9ger l\u2019officine des autres circuits de distribution.<\/span><br \/>\n<span style=\"color: #000000;\"> Ne pas maintenir un minimum d\u2019activit\u00e9 pr\u00e9paratoire serait \u00e0 plus ou moins long terme pr\u00e9judiciable pour la d\u00e9fense du m\u00e9tier dans son ensemble.<\/span><br \/>\n<span style=\"color: #000000;\"> Les titulaires de la PHC ont repris le flambeau de leurs pr\u00e9d\u00e9cesseurs afin d\u2019apporter toutes les garanties afin d\u2019<strong>assurer des pr\u00e9parations de qualit\u00e9 dans un circuit parfaitement contr\u00f4l\u00e9. <\/strong><\/span><\/p>\n<p style=\"text-align: justify;\">En 2008 La PHC a r\u00e9alis\u00e9 une s\u00e9rie de travaux afin de mettre en place un <strong>syst\u00e8me d\u2019assurance qualit\u00e9\u00a0<\/strong>conform\u00e9ment aux principes des bonnes pratiques de pr\u00e9parations officinales (BPPO), r\u00e9git par les textes en vigueur (articles L. 5121-1, L. 5125-1, L. 5125-1-1, L.5126-1, L. 5126-2, L. 5126-5, L. 5126- 1, R. 5126-8 et R. 5126-9 du CSP).<\/p>\n<p>Ainsi la PHC s\u2019est dot\u00e9e d\u2019un outil performant permettant de r\u00e9aliser les pr\u00e9parations en respectant le sacro-saint <strong>\u00ab Qualit\u00e9, S\u00e9curit\u00e9, Tra\u00e7abilit\u00e9 \u00bb<\/strong> :<\/p>\n<ul>\n<li>Local r\u00e9serv\u00e9 aux activit\u00e9s du pr\u00e9paratoire.<\/li>\n<li>D\u00e9limitation de diff\u00e9rentes zones : r\u00e9ception, conditionnement\u2026 .<\/li>\n<li>3 zones de fabrication (forme s\u00e8ches, forme humide, hom\u00e9opathie) avec des hottes \u00e0 flux laminaires.<\/li>\n<li>Appareils de mesure et de contr\u00f4le qualifi\u00e9s (\u00e9talonn\u00e9s).<\/li>\n<li>Balances v\u00e9rifi\u00e9es tous les ans par un organisme agr\u00e9\u00e9.<\/li>\n<\/ul>\n<h3><span style=\"color: #000000;\">Les grandes lignes de notre d\u00e9marche qualit\u00e9<\/span><\/h3>\n<p><strong>La responsabilit\u00e9<\/strong><br \/>\nNotre laboratoire est sous la responsabilit\u00e9 d\u2019un pharmacien responsable de la r\u00e9alisation et de la d\u00e9livrance des pr\u00e9parations. Notre pharmacien responsable de l\u2019assurance qualit\u00e9 est titulaire d\u2019un DESS de qualit\u00e9 totale et poss\u00e8de 10 ans d\u2019exp\u00e9rience dans l\u2019industrie pharmaceutique.<\/p>\n<p><strong>Les proc\u00e9dures<\/strong><br \/>\nChaque op\u00e9ration (r\u00e9ception, pr\u00e9parations, contr\u00f4le, nettoyage\u2026) est d\u00e9taill\u00e9e dans des proc\u00e9dures accessibles par l\u2019ensemble du personnel qualifi\u00e9.<\/p>\n<p><strong>Le personnel<\/strong><br \/>\nIl est form\u00e9 sous le contr\u00f4le du pharmacien responsable. L\u2019ensemble de nos pr\u00e9parateurs est comp\u00e9tent au sens du code de la sant\u00e9 publique et form\u00e9.<\/p>\n<p><strong>Les mati\u00e8res premi\u00e8res<\/strong><br \/>\nLa PHC se fournit aupr\u00e8s de fournisseurs disposant d\u2019un certificat BPF \/ GMP (Bonnes Pratiques de Fabrication \/ Good Manufacturing Practice) d\u00e9livr\u00e9 par l\u2019Afssaps pour les fournisseurs implant\u00e9s sur le sol fran\u00e7ais ou par les autorit\u00e9s de sant\u00e9 comp\u00e9tentes locales pour les fournisseurs implant\u00e9s dans un pays de l\u2019UE.<\/p>\n<p><u>Ces fournisseurs doivent fournir :<\/u><\/p>\n<ul>\n<li>Des mati\u00e8res premi\u00e8res dans des contenants avec syst\u00e8me d\u2019inviolabilit\u00e9<\/li>\n<li>Des certificats d\u2019analyse en fran\u00e7ais ou en anglais conformes \u00e0 la monographie de contr\u00f4le en vigueur (Pharmacop\u00e9e ou une monographie interne).<\/li>\n<\/ul>\n<h3 style=\"text-align: left;\"><span style=\"color: #000000;\">Un r\u00e9f\u00e9rencement exceptionnel en mati\u00e8res premi\u00e8res nous permet de r\u00e9pondre \u00e0 la plupart de vos demandes :<\/span><\/h3>\n<p><strong>TEINTURE MERES, GEMMOTHERAPIE de MACERATS GLYCERINES DE BOURGEONS, OLIGOELEMENTS UNITAIRES, SOUCHES HOMEOPATHIQUES, Huiles Essentielles Botaniquement et Biochimiquement D\u00e9finies (HEBBD), EXTRAIT DE PLANTES FRAICHES STANDARDISES (EPS), EXTRAIT FLUIDE, POUDRE DE PLANTE<\/strong>.<\/p>\n<p><strong>Notre expertise depuis 70 ans<\/strong> est un garant de qualit\u00e9 pour l\u2019ensemble des formes gal\u00e9niques que nous r\u00e9alisons, au sein de notre pr\u00e9paratoire :<\/p>\n<ul>\n<li>G\u00e9lules MARINE<\/li>\n<li>G\u00e9lules d&#8217;huiles essentielles gastro-r\u00e9sistantes<\/li>\n<li>G\u00e9lules p\u00e9diatriques<\/li>\n<li>Cr\u00e8mes, pommades, gels<\/li>\n<li>Solutions buvables<\/li>\n<li>Triturations<\/li>\n<li>Suppositoires, ovules<\/li>\n<li>Granules au saccharose avec ou sans lactose<\/li>\n<li>Globules au saccharrose-lactose<\/li>\n<li>M\u00e9langes de plantes, tisanes.<\/li>\n<\/ul>\n<p><strong>Notre nouvelle organisation nous permet de vous pr\u00e9parer tr\u00e8s rapidement vos prescriptions ou vos pr\u00e9parations<\/strong> (m\u00e9lange de teintures m\u00e8res, d\u2019extrait de plantes fra\u00eeches, de bourgeons\u2026).<\/p>\n","protected":false},"excerpt":{"rendered":"<p>Pr\u00e9sentation de notre pr\u00e9paratoire Les pr\u00e9parations magistrales constituent un des devoirs du pharmacien \u00e0 l\u2019\u00e9gard de la sant\u00e9 publique et r\u00e9pond de droit \u00e0 ses attributions.<span class=\"excerpt-hellip\"> [\u2026]<\/span><\/p>\n","protected":false},"author":3,"featured_media":0,"parent":0,"menu_order":0,"comment_status":"closed","ping_status":"closed","template":"","meta":{"footnotes":""},"class_list":["post-52","page","type-page","status-publish","hentry"],"yoast_head":"<!-- This site is optimized with the Yoast SEO plugin v26.6 - https:\/\/yoast.com\/wordpress\/plugins\/seo\/ -->\n<title>Notre pr\u00e9paratoire - Blog de la pharmacie PHC<\/title>\n<meta name=\"description\" content=\"Notre pr\u00e9paratoire - HOMEO EXPERT\u00ae\" \/>\n<meta name=\"robots\" content=\"index, follow, max-snippet:-1, max-image-preview:large, max-video-preview:-1\" \/>\n<link rel=\"canonical\" href=\"https:\/\/www.pharmacie-homeopathie.com\/blog\/notre-preparatoire\/\" \/>\n<meta property=\"og:locale\" content=\"fr_FR\" \/>\n<meta property=\"og:type\" content=\"article\" \/>\n<meta property=\"og:title\" content=\"Notre pr\u00e9paratoire - Blog de la pharmacie PHC\" \/>\n<meta property=\"og:description\" content=\"Notre pr\u00e9paratoire - HOMEO EXPERT\u00ae\" \/>\n<meta property=\"og:url\" content=\"https:\/\/www.pharmacie-homeopathie.com\/blog\/notre-preparatoire\/\" \/>\n<meta property=\"og:site_name\" content=\"HOMEO EXPERT\u00ae\" \/>\n<meta property=\"article:publisher\" content=\"https:\/\/www.facebook.com\/HomeoExpert\/\" \/>\n<meta property=\"article:modified_time\" content=\"2016-04-19T09:55:52+00:00\" \/>\n<meta name=\"twitter:card\" content=\"summary_large_image\" \/>\n<meta name=\"twitter:site\" content=\"@PharmaHomeo\" \/>\n<meta name=\"twitter:label1\" content=\"Dur\u00e9e de lecture estim\u00e9e\" \/>\n\t<meta name=\"twitter:data1\" content=\"3 minutes\" \/>\n<!-- \/ Yoast SEO plugin. -->","yoast_head_json":{"title":"Notre pr\u00e9paratoire - Blog de la pharmacie PHC","description":"Notre pr\u00e9paratoire - HOMEO EXPERT\u00ae","robots":{"index":"index","follow":"follow","max-snippet":"max-snippet:-1","max-image-preview":"max-image-preview:large","max-video-preview":"max-video-preview:-1"},"canonical":"https:\/\/www.pharmacie-homeopathie.com\/blog\/notre-preparatoire\/","og_locale":"fr_FR","og_type":"article","og_title":"Notre pr\u00e9paratoire - Blog de la pharmacie PHC","og_description":"Notre pr\u00e9paratoire - HOMEO EXPERT\u00ae","og_url":"https:\/\/www.pharmacie-homeopathie.com\/blog\/notre-preparatoire\/","og_site_name":"HOMEO EXPERT\u00ae","article_publisher":"https:\/\/www.facebook.com\/HomeoExpert\/","article_modified_time":"2016-04-19T09:55:52+00:00","twitter_card":"summary_large_image","twitter_site":"@PharmaHomeo","twitter_misc":{"Dur\u00e9e de lecture estim\u00e9e":"3 minutes"},"schema":{"@context":"https:\/\/schema.org","@graph":[{"@type":"WebPage","@id":"https:\/\/www.pharmacie-homeopathie.com\/blog\/notre-preparatoire\/","url":"https:\/\/www.pharmacie-homeopathie.com\/blog\/notre-preparatoire\/","name":"Notre pr\u00e9paratoire - Blog de la pharmacie PHC","isPartOf":{"@id":"https:\/\/www.pharmacie-homeopathie.com\/blog\/#website"},"datePublished":"2015-11-09T14:26:02+00:00","dateModified":"2016-04-19T09:55:52+00:00","description":"Notre pr\u00e9paratoire - HOMEO EXPERT\u00ae","breadcrumb":{"@id":"https:\/\/www.pharmacie-homeopathie.com\/blog\/notre-preparatoire\/#breadcrumb"},"inLanguage":"fr-FR","potentialAction":[{"@type":"ReadAction","target":["https:\/\/www.pharmacie-homeopathie.com\/blog\/notre-preparatoire\/"]}]},{"@type":"BreadcrumbList","@id":"https:\/\/www.pharmacie-homeopathie.com\/blog\/notre-preparatoire\/#breadcrumb","itemListElement":[{"@type":"ListItem","position":1,"name":"Accueil","item":"https:\/\/www.pharmacie-homeopathie.com\/blog\/"},{"@type":"ListItem","position":2,"name":"Notre pr\u00e9paratoire"}]},{"@type":"WebSite","@id":"https:\/\/www.pharmacie-homeopathie.com\/blog\/#website","url":"https:\/\/www.pharmacie-homeopathie.com\/blog\/","name":"HOMEO EXPERT\u00ae","description":"Le blog de la Pharmacie Hom\u00e9opathique Centrale \u00e0 Paris","publisher":{"@id":"https:\/\/www.pharmacie-homeopathie.com\/blog\/#organization"},"potentialAction":[{"@type":"SearchAction","target":{"@type":"EntryPoint","urlTemplate":"https:\/\/www.pharmacie-homeopathie.com\/blog\/?s={search_term_string}"},"query-input":{"@type":"PropertyValueSpecification","valueRequired":true,"valueName":"search_term_string"}}],"inLanguage":"fr-FR"},{"@type":"Organization","@id":"https:\/\/www.pharmacie-homeopathie.com\/blog\/#organization","name":"Pharmacie Hom\u00e9opathique Centrale Paris - PHC","url":"https:\/\/www.pharmacie-homeopathie.com\/blog\/","logo":{"@type":"ImageObject","inLanguage":"fr-FR","@id":"https:\/\/www.pharmacie-homeopathie.com\/blog\/#\/schema\/logo\/image\/","url":"https:\/\/www.pharmacie-homeopathie.com\/blog\/wp-content\/uploads\/2018\/11\/phc-logo.png","contentUrl":"https:\/\/www.pharmacie-homeopathie.com\/blog\/wp-content\/uploads\/2018\/11\/phc-logo.png","width":280,"height":113,"caption":"Pharmacie Hom\u00e9opathique Centrale Paris - PHC"},"image":{"@id":"https:\/\/www.pharmacie-homeopathie.com\/blog\/#\/schema\/logo\/image\/"},"sameAs":["https:\/\/www.facebook.com\/HomeoExpert\/","https:\/\/x.com\/PharmaHomeo","https:\/\/www.youtube.com\/channel\/UCjrIcslKFiRvnhDZ26jyXYQ","https:\/\/www.pinterest.fr\/pin\/103864335143240482\/"]}]}},"_links":{"self":[{"href":"https:\/\/www.pharmacie-homeopathie.com\/blog\/wp-json\/wp\/v2\/pages\/52","targetHints":{"allow":["GET"]}}],"collection":[{"href":"https:\/\/www.pharmacie-homeopathie.com\/blog\/wp-json\/wp\/v2\/pages"}],"about":[{"href":"https:\/\/www.pharmacie-homeopathie.com\/blog\/wp-json\/wp\/v2\/types\/page"}],"author":[{"embeddable":true,"href":"https:\/\/www.pharmacie-homeopathie.com\/blog\/wp-json\/wp\/v2\/users\/3"}],"replies":[{"embeddable":true,"href":"https:\/\/www.pharmacie-homeopathie.com\/blog\/wp-json\/wp\/v2\/comments?post=52"}],"version-history":[{"count":8,"href":"https:\/\/www.pharmacie-homeopathie.com\/blog\/wp-json\/wp\/v2\/pages\/52\/revisions"}],"predecessor-version":[{"id":389,"href":"https:\/\/www.pharmacie-homeopathie.com\/blog\/wp-json\/wp\/v2\/pages\/52\/revisions\/389"}],"wp:attachment":[{"href":"https:\/\/www.pharmacie-homeopathie.com\/blog\/wp-json\/wp\/v2\/media?parent=52"}],"curies":[{"name":"wp","href":"https:\/\/api.w.org\/{rel}","templated":true}]}}