{"id":49,"date":"2015-11-09T15:25:20","date_gmt":"2015-11-09T14:25:20","guid":{"rendered":"https:\/\/www.pharmacie-homeopathie.com\/blog\/?page_id=49"},"modified":"2022-10-12T10:42:24","modified_gmt":"2022-10-12T08:42:24","slug":"qui-sommes-nous","status":"publish","type":"page","link":"https:\/\/www.pharmacie-homeopathie.com\/blog\/qui-sommes-nous\/","title":{"rendered":"Qui sommes-nous ?"},"content":{"rendered":"<h2 style=\"text-align: left;\"><span style=\"color: #000000;\"><strong>Depuis 1947, nous sommes sp\u00e9cialis\u00e9s dans la pr\u00e9paration magistrale et la pr\u00e9paration hom\u00e9opathique.<\/strong><\/span><\/h2>\n<p style=\"text-align: center;\"><iframe loading=\"lazy\" src=\"\/\/www.youtube.com\/embed\/s-LTYWPlgI8?rel=0\" width=\"560\" height=\"315\" frameborder=\"0\" allowfullscreen=\"allowfullscreen\"><\/iframe><\/p>\n<p style=\"text-align: justify;\"><span style=\"color: #000000;\"><strong><a href=\"https:\/\/www.pharmacie-homeopathie.com\/fr\/notre-m-tier---la-pr-paration-gc8.html\" target=\"_blank\" rel=\"noopener\">Un savoir-faire unique<\/a><\/strong> et pr\u00e9serv\u00e9 par chaque g\u00e9n\u00e9ration de titulaire de la pharmacie <strong>Pharmacie Hom\u00e9opathique Centrale<\/strong>, passionn\u00e9 par leur m\u00e9tier et centr\u00e9 sur le besoin du patient. Un m\u00eame fil conducteur : transmettre ce savoir-faire quasi centenaire de la P.H.C. aux nouvelles \u00e9quipes et en faire b\u00e9n\u00e9ficier sa client\u00e8le.<\/span><\/p>\n<p style=\"text-align: justify;\"><span style=\"color: #000000;\">Sp\u00e9cialiste <strong>des produits naturels<\/strong> sur Paris, la P.H.C offre donc<a href=\"https:\/\/www.pharmacie-homeopathie.com\/fr\/un-r-f-rencement-exceptionnel-en---gc38.html\" target=\"_blank\" rel=\"noopener\"> <strong>un choix large et complet<\/strong> <\/a>de produits en hom\u00e9opathie, phytoth\u00e9rapie, aromath\u00e9rapie, compl\u00e9ments alimentaires, oligoth\u00e9rapie ou encore herboristerie, <strong>des produits \u00ab que l\u2019on ne trouve pas ailleurs, ou difficilement !\u00a0<\/strong><strong>\u00bb<\/strong><\/span><\/p>\n<p style=\"text-align: justify;\"><span style=\"color: #000000;\">Les titulaires actuels ont fait \u00e9galement ce choix : p\u00e9renniser cette activit\u00e9 et la d\u00e9velopper, priorisant<strong> le contact direct avec le patient dans la pure tradition de la Pharmacie Hom\u00e9opathique Centrale.<\/strong><\/span><br \/>\n<span style=\"color: #000000;\"> La pharmacie PHC consacre <strong>100% de son activit\u00e9 de pr\u00e9paration \u00e0 ses patients<\/strong> et n\u2019a donc pas d\u2019activit\u00e9 de sous-traitance.<\/span><\/p>\n<h3 style=\"text-align: justify;\"><span style=\"color: #000000;\">Sp\u00e9cialiste <strong>des produits naturels<\/strong> sur Paris<\/span><\/h3>\n<p style=\"text-align: justify;\">En effet, la P.H.C offre donc <span style=\"color: #99cc00;\"><strong><a href=\"https:\/\/www.pharmacie-homeopathie.com\/fr\/un-r-f-rencement-exceptionnel-en---gc38.html\" target=\"_blank\" rel=\"noopener\">un choix large et complet<\/a><\/strong><\/span> de produits en hom\u00e9opathie, phytoth\u00e9rapie, aromath\u00e9rapie, compl\u00e9ments alimentaires, oligoth\u00e9rapie ou encore herboristerie, <strong>des produits \u00ab que l\u2019on ne trouve pas ailleurs, ou difficilement !\u00a0<\/strong><strong>\u00bb<\/strong><\/p>\n<h3 style=\"text-align: justify;\"><span style=\"color: #000000;\">Notre ambition<\/span><\/h3>\n<p style=\"text-align: justify;\"><strong>Vous donner un acc\u00e8s rapide et s\u00e9curis\u00e9 aux m\u00e9dicaments hom\u00e9opathiques et \u00e0 la m\u00e9decine naturelle partout en France,\u00a0 <\/strong>et en Europe pour nos concitoyens expatri\u00e9s, notamment.<\/p>\n<p style=\"text-align: justify;\">La grande majorit\u00e9 des pr\u00e9parations est <strong>r\u00e9alis\u00e9e sur place<\/strong>, gr\u00e2ce \u00e0 <span style=\"color: #99cc00;\"><strong><a href=\"https:\/\/www.pharmacie-homeopathie.com\/fr\/un-r-f-rencement-exceptionnel-en---gc38.html\" target=\"_blank\" rel=\"noopener\">un r\u00e9f\u00e9rencement complet<\/a><\/strong><span style=\"color: #000000;\">,<\/span><\/span>\u00a0permettant au patient de commencer <strong>rapidement et totalement son traitement<\/strong>.<\/p>\n<p style=\"text-align: justify;\"><strong>56% des fran\u00e7ais utilisent l\u2019hom\u00e9opathie<\/strong> pour se soigner, dont 36% de mani\u00e8re r\u00e9guli\u00e8re, soit 1 fran\u00e7ais sur 3. L\u2019hom\u00e9opathie fait partie des m\u00e9dicaments les plus utilis\u00e9s en <strong>autom\u00e9dication<\/strong>.\u00a0 La France compte plus de <strong>5 000 m\u00e9decins hom\u00e9opathes<\/strong> et pr\u00e8s de 1 800 m\u00e9decins acupuncteurs.<\/p>\n","protected":false},"excerpt":{"rendered":"<p>Depuis 1947, nous sommes sp\u00e9cialis\u00e9s dans la pr\u00e9paration magistrale et la pr\u00e9paration hom\u00e9opathique. Un savoir-faire unique et pr\u00e9serv\u00e9 par chaque g\u00e9n\u00e9ration de titulaire de la pharmacie<span class=\"excerpt-hellip\"> [\u2026]<\/span><\/p>\n","protected":false},"author":3,"featured_media":0,"parent":0,"menu_order":0,"comment_status":"closed","ping_status":"closed","template":"","meta":{"footnotes":""},"class_list":["post-49","page","type-page","status-publish","hentry"],"yoast_head":"<!-- This site is optimized with the Yoast SEO plugin v26.6 - https:\/\/yoast.com\/wordpress\/plugins\/seo\/ -->\n<title>Qui sommes-nous ? - Blog de la pharmacie PHC<\/title>\n<meta name=\"description\" content=\"Qui sommes-nous ? - HOMEO EXPERT\u00ae\" \/>\n<meta name=\"robots\" content=\"index, follow, max-snippet:-1, max-image-preview:large, max-video-preview:-1\" \/>\n<link rel=\"canonical\" href=\"https:\/\/www.pharmacie-homeopathie.com\/blog\/qui-sommes-nous\/\" \/>\n<meta property=\"og:locale\" content=\"fr_FR\" \/>\n<meta property=\"og:type\" content=\"article\" \/>\n<meta property=\"og:title\" content=\"Qui sommes-nous ? - Blog de la pharmacie PHC\" \/>\n<meta property=\"og:description\" content=\"Qui sommes-nous ? - HOMEO EXPERT\u00ae\" \/>\n<meta property=\"og:url\" content=\"https:\/\/www.pharmacie-homeopathie.com\/blog\/qui-sommes-nous\/\" \/>\n<meta property=\"og:site_name\" content=\"HOMEO EXPERT\u00ae\" \/>\n<meta property=\"article:publisher\" content=\"https:\/\/www.facebook.com\/HomeoExpert\/\" \/>\n<meta property=\"article:modified_time\" content=\"2022-10-12T08:42:24+00:00\" \/>\n<meta name=\"twitter:card\" content=\"summary_large_image\" \/>\n<meta name=\"twitter:site\" content=\"@PharmaHomeo\" \/>\n<meta name=\"twitter:label1\" content=\"Dur\u00e9e de lecture estim\u00e9e\" \/>\n\t<meta name=\"twitter:data1\" content=\"2 minutes\" \/>\n<!-- \/ Yoast SEO plugin. -->","yoast_head_json":{"title":"Qui sommes-nous ? - Blog de la pharmacie PHC","description":"Qui sommes-nous ? - HOMEO EXPERT\u00ae","robots":{"index":"index","follow":"follow","max-snippet":"max-snippet:-1","max-image-preview":"max-image-preview:large","max-video-preview":"max-video-preview:-1"},"canonical":"https:\/\/www.pharmacie-homeopathie.com\/blog\/qui-sommes-nous\/","og_locale":"fr_FR","og_type":"article","og_title":"Qui sommes-nous ? - Blog de la pharmacie PHC","og_description":"Qui sommes-nous ? - HOMEO EXPERT\u00ae","og_url":"https:\/\/www.pharmacie-homeopathie.com\/blog\/qui-sommes-nous\/","og_site_name":"HOMEO EXPERT\u00ae","article_publisher":"https:\/\/www.facebook.com\/HomeoExpert\/","article_modified_time":"2022-10-12T08:42:24+00:00","twitter_card":"summary_large_image","twitter_site":"@PharmaHomeo","twitter_misc":{"Dur\u00e9e de lecture estim\u00e9e":"2 minutes"},"schema":{"@context":"https:\/\/schema.org","@graph":[{"@type":"WebPage","@id":"https:\/\/www.pharmacie-homeopathie.com\/blog\/qui-sommes-nous\/","url":"https:\/\/www.pharmacie-homeopathie.com\/blog\/qui-sommes-nous\/","name":"Qui sommes-nous ? - Blog de la pharmacie PHC","isPartOf":{"@id":"https:\/\/www.pharmacie-homeopathie.com\/blog\/#website"},"datePublished":"2015-11-09T14:25:20+00:00","dateModified":"2022-10-12T08:42:24+00:00","description":"Qui sommes-nous ? - HOMEO EXPERT\u00ae","breadcrumb":{"@id":"https:\/\/www.pharmacie-homeopathie.com\/blog\/qui-sommes-nous\/#breadcrumb"},"inLanguage":"fr-FR","potentialAction":[{"@type":"ReadAction","target":["https:\/\/www.pharmacie-homeopathie.com\/blog\/qui-sommes-nous\/"]}]},{"@type":"BreadcrumbList","@id":"https:\/\/www.pharmacie-homeopathie.com\/blog\/qui-sommes-nous\/#breadcrumb","itemListElement":[{"@type":"ListItem","position":1,"name":"Accueil","item":"https:\/\/www.pharmacie-homeopathie.com\/blog\/"},{"@type":"ListItem","position":2,"name":"Qui sommes-nous ?"}]},{"@type":"WebSite","@id":"https:\/\/www.pharmacie-homeopathie.com\/blog\/#website","url":"https:\/\/www.pharmacie-homeopathie.com\/blog\/","name":"HOMEO EXPERT\u00ae","description":"Le blog de la Pharmacie Hom\u00e9opathique Centrale \u00e0 Paris","publisher":{"@id":"https:\/\/www.pharmacie-homeopathie.com\/blog\/#organization"},"potentialAction":[{"@type":"SearchAction","target":{"@type":"EntryPoint","urlTemplate":"https:\/\/www.pharmacie-homeopathie.com\/blog\/?s={search_term_string}"},"query-input":{"@type":"PropertyValueSpecification","valueRequired":true,"valueName":"search_term_string"}}],"inLanguage":"fr-FR"},{"@type":"Organization","@id":"https:\/\/www.pharmacie-homeopathie.com\/blog\/#organization","name":"Pharmacie Hom\u00e9opathique Centrale Paris - PHC","url":"https:\/\/www.pharmacie-homeopathie.com\/blog\/","logo":{"@type":"ImageObject","inLanguage":"fr-FR","@id":"https:\/\/www.pharmacie-homeopathie.com\/blog\/#\/schema\/logo\/image\/","url":"https:\/\/www.pharmacie-homeopathie.com\/blog\/wp-content\/uploads\/2018\/11\/phc-logo.png","contentUrl":"https:\/\/www.pharmacie-homeopathie.com\/blog\/wp-content\/uploads\/2018\/11\/phc-logo.png","width":280,"height":113,"caption":"Pharmacie Hom\u00e9opathique Centrale Paris - PHC"},"image":{"@id":"https:\/\/www.pharmacie-homeopathie.com\/blog\/#\/schema\/logo\/image\/"},"sameAs":["https:\/\/www.facebook.com\/HomeoExpert\/","https:\/\/x.com\/PharmaHomeo","https:\/\/www.youtube.com\/channel\/UCjrIcslKFiRvnhDZ26jyXYQ","https:\/\/www.pinterest.fr\/pin\/103864335143240482\/"]}]}},"_links":{"self":[{"href":"https:\/\/www.pharmacie-homeopathie.com\/blog\/wp-json\/wp\/v2\/pages\/49","targetHints":{"allow":["GET"]}}],"collection":[{"href":"https:\/\/www.pharmacie-homeopathie.com\/blog\/wp-json\/wp\/v2\/pages"}],"about":[{"href":"https:\/\/www.pharmacie-homeopathie.com\/blog\/wp-json\/wp\/v2\/types\/page"}],"author":[{"embeddable":true,"href":"https:\/\/www.pharmacie-homeopathie.com\/blog\/wp-json\/wp\/v2\/users\/3"}],"replies":[{"embeddable":true,"href":"https:\/\/www.pharmacie-homeopathie.com\/blog\/wp-json\/wp\/v2\/comments?post=49"}],"version-history":[{"count":36,"href":"https:\/\/www.pharmacie-homeopathie.com\/blog\/wp-json\/wp\/v2\/pages\/49\/revisions"}],"predecessor-version":[{"id":4695,"href":"https:\/\/www.pharmacie-homeopathie.com\/blog\/wp-json\/wp\/v2\/pages\/49\/revisions\/4695"}],"wp:attachment":[{"href":"https:\/\/www.pharmacie-homeopathie.com\/blog\/wp-json\/wp\/v2\/media?parent=49"}],"curies":[{"name":"wp","href":"https:\/\/api.w.org\/{rel}","templated":true}]}}