{"id":2088,"date":"2018-05-17T11:59:40","date_gmt":"2018-05-17T09:59:40","guid":{"rendered":"https:\/\/www.pharmacie-homeopathie.com\/blog\/?page_id=2088"},"modified":"2020-05-11T12:06:18","modified_gmt":"2020-05-11T10:06:18","slug":"quelles-huiles-essentielles-sans-danger-chez-les-bebes","status":"publish","type":"page","link":"https:\/\/www.pharmacie-homeopathie.com\/blog\/quelles-huiles-essentielles-sans-danger-chez-les-bebes\/","title":{"rendered":"Comment et quelles huiles essentielles on peut utiliser chez les b\u00e9b\u00e9s ?"},"content":{"rendered":"<h1>Huiles essentielles et b\u00e9b\u00e9 !<\/h1>\n<h2><strong>1- Pr\u00e9ambule<\/strong><\/h2>\n<p style=\"text-align: left;\">Les <em>huiles essentielles<\/em> sont des produits tr\u00e8s concentr\u00e9s et tr\u00e8s actifs. Leur action est <strong>naturelle et puissante<\/strong>, ce qui en fait leur int\u00e9r\u00eat mais cela engendre plusieurs pr\u00e9cautions d\u2019emplois \u00e0 bien connaitre. Produit naturel ne veut pas dire produit sans risque. Cet amalgame engendre de la part de nos institutions une crainte de m\u00e9susage et d\u2019effets secondaires les poussant ainsi \u00e0 d\u00e9conseiller l\u2019<em>usage des huiles essentielles chez le b\u00e9b\u00e9<\/em> et l\u2019enfant, par principe de pr\u00e9cautions.<\/p>\n<p>Nous vous recommandons de vous connecter sur le site de la <a href=\"https:\/\/www.economie.gouv.fr\/files\/files\/directions_services\/dgccrf\/documentation\/fiches_pratiques\/fiches\/huiles-essentielles.pdf\" target=\"_blank\" rel=\"noopener noreferrer\">DGGCRF<\/a> : \u00a0qui a \u00e9dit\u00e9 une fiche sur le bon usage des huiles essentielles.\u00a0<em>Pour les b\u00e9b\u00e9s, il y a deux \u00e9l\u00e9ments clefs \u00e0 conna\u00eetre<\/em> : les pr\u00e9cautions g\u00e9n\u00e9rales et les huiles pouvant \u00eatre utilis\u00e9es. Une majorit\u00e9 d\u2019huiles ne sont pas autoris\u00e9es chez le b\u00e9b\u00e9 de + de 3 mois, ou l\u2019enfant de + de 3 ans, etc\u2026<\/p>\n<p>Donc, quelle huile je peux utiliser chez un b\u00e9b\u00e9 et comment ? Voici les r\u00e9ponses.<\/p>\n<h2><strong>2- Pr\u00e9cautions \u00e0 prendre pour utiliser une huile essentielle chez b\u00e9b\u00e9 ?<\/strong><\/h2>\n<p>Il y a les pr\u00e9cautions g\u00e9n\u00e9rales, adultes comme enfants, et donc \u00e0 suivre d\u2019encore plus pr\u00e8s pour un <em>usage sans danger chez b\u00e9b\u00e9<\/em>.<\/p>\n<ul>\n<li>\n<h3>Pr\u00e9cautions g\u00e9n\u00e9rales :<\/h3>\n<\/li>\n<\/ul>\n<p>1- Ne jamais appliquer une huile essentielle <strong>directement sur les muqueuses<\/strong> soit dans le nez, dans les oreilles, etc\u2026<br \/>\n2- Les huiles essentielles ont un <strong>pouvoir allergisant<\/strong> : effectuer toujours un test avant une application franche ou r\u00e9guli\u00e8re. Les huiles essentielles contiennent du linalol et du limon\u00e8ne ( terp\u00e8nes, c\u00e9tones).<br \/>\n3- Bien vous <strong>laver les mains apr\u00e8s usage<\/strong>.<br \/>\n4- Attention \u00e0 la <strong>qualit\u00e9 des huiles essentielles<\/strong> ! Les huiles sont en vente partout, de la pharmacie \u00e0 Gifi..des id\u00e9es\u2026ce qui vulgarise leurs usages, comme un produit de \u00ab grande consommation \u00bb. Et bien non. Cela reste un produit particulier, pouvant \u00eatre destin\u00e9 \u00e0 soigner ou soulager. Les pharmacies et notamment les pharmacies de pr\u00e9parations ne peuvent vendre des huiles essentielles que si ces derni\u00e8res r\u00e9pondent \u00e0 cahier des charges strictes en terme de qualit\u00e9 (pharmacop\u00e9e). Demandez le mode de culture de la plante et la provenance de l\u2019huile.<br \/>\n5- <strong>Ne jamais chauffer<\/strong> une huile lors de sa diffusion.<br \/>\n6- Se rappeler <strong>le dosage des huiles, en goutte<\/strong>\u2026.une ou deux gouttes pas plus ! que cela soit par voie cutan\u00e9e, orale ou en diffusion !<br \/>\n7- Toujours <strong>lire la fiche technique d\u2019une huile essentielle<\/strong> : autorisation \u00e0 ing\u00e9rer, ou pas, diffuser ou pas, etc..Chaque huile a ses possibilit\u00e9s d\u2019administration \u00e0 conna\u00eetre.<br \/>\n8- <strong>Pas d\u2019exposition au soleil<\/strong> dans les 12h00 suivant une application cutan\u00e9e d\u2019huiles essentielles. Les huiles essentielles sont photo sensibilisantes.<\/p>\n<ul>\n<li>\n<h3><span style=\"color: #0000ff;\">Pr\u00e9cautions chez b\u00e9b\u00e9 : 4 grands principes en plus \u00e0 conna\u00eetre pour un usage sans danger.<\/span><\/h3>\n<\/li>\n<\/ul>\n<p>&#8211; Ne pas utiliser les huiles essentielles chez les<strong> b\u00e9b\u00e9s de moins de 3 mois<\/strong> quelle que soit la voie d\u2019usage (massage, diffusion, etc..)<br \/>\n&#8211; Pour une application cutan\u00e9e chez b\u00e9b\u00e9, <strong>jamais d\u2019huiles essentielles pures<\/strong> sur la peau. Il faut m\u00e9langer l\u2019huile essentielle avec une huile v\u00e9g\u00e9tale\u2026voire de l\u2019huile d\u2019Olive\u2026si..si\u2026 !<br \/>\nN\u2019oublions pas que la peau d\u2019un b\u00e9b\u00e9 est fragile.<br \/>\n&#8211; Pour un massage aux huiles essentielles, <strong>v\u00e9rifier que b\u00e9b\u00e9 n\u2019est pas allergique<\/strong>. Donc effectuer un test en appliquant quelques gouttes de votre m\u00e9lange dans le pli du coude. Attendez 24h00 et v\u00e9rifier si la peau a r\u00e9agi ( rougeurs et\/ou gonfl\u00e9e).<br \/>\n&#8211; <strong>Jamais de voie orale avant 3 ans<\/strong>. Seul les voies cutan\u00e9es ou la diffusion atmosph\u00e9rique est possible.<\/p>\n<p style=\"text-align: left;\"><em>Et n\u2019oubliez pas de ranger les huiles dans un emplacement inaccessible pour l\u2019enfant surtout si b\u00e9b\u00e9 est curieux et un peu cascadeur.<\/em><br \/>\n<em> Ne pr\u00e9parer jamais votre m\u00e9lange \u00e0 c\u00f4t\u00e9 de b\u00e9b\u00e9 ! Un contact d\u2019huile essentiel avec l\u2019\u0153il peut entra\u00eener une l\u00e9sion de la corn\u00e9e.<\/em><\/p>\n<p>Les huiles essentielles sont autoris\u00e9es dans les produits cosm\u00e9tiques pour b\u00e9b\u00e9 avec une dilution \u00e0 1%. Donc, <strong>oui, on peut utiliser les huiles essentielles chez b\u00e9b\u00e9,<\/strong> en se rappelant bien les pr\u00e9cautions d\u2019emploi ci-dessous et en sachant quelles huiles sont possibles chez b\u00e9b\u00e9 et pour quels bienfaits ?<\/p>\n<h2><strong>3- Quelles huiles essentielles pour mon b\u00e9b\u00e9 sans danger et pour quels effets ?<\/strong><\/h2>\n<ul>\n<li><span style=\"color: #3366ff;\">La liste \u00e0 conna\u00eetre par ordre alphab\u00e9tique:<\/span><\/li>\n<\/ul>\n<p><strong><span style=\"color: #339966;\">Camomille Matricaire, Camomille Romaine, Cardamome, Ciste, Epinette noir, Fenouil, Inule Odorante, Lavande Fine, Lavande Vraie, Lavandin Super, Marjolaine \u00e0 Coquilles, Palmarosa, Petit Grain Bigarade, Ravintsara, Saro, Tea Tree , Ylang Ylang<\/span> .<\/strong><\/p>\n<p style=\"text-align: center;\"><em>Attention, il est vrai que l\u2019Eucalyptus radiata peut \u00eatre utilis\u00e9. Mais il existe diff\u00e9rents eucalyptus et l\u2019erreur est vite faite. Sachant que tous les autres sont interdits chez b\u00e9b\u00e9. Donc, faisons simple et sans risque : pas d\u2019Eucalyptus !<\/em><br \/>\n<em> Idem pour le thym\u2026il en existe diff\u00e9rentes formes dont la majorit\u00e9 sont contre-indiqu\u00e9s. Donc, pas de thym.<\/em><\/p>\n<p>Et ces huiles essentielles nomm\u00e9es ci-dessus seront suffisantes pour soulager b\u00e9b\u00e9 de ses petits maux, parfois bien enquiquinants.<\/p>\n<ul>\n<li><span style=\"color: #3366ff;\"><em>Principes de la diffusion d\u2019huiles essentielles dans la chambre de b\u00e9b\u00e9<\/em><\/span> :<\/li>\n<\/ul>\n<p>1- Utiliser un diffuseur d\u2019huile essentielle. L\u2019huile ne risque pas d\u2019\u00eatre chauff\u00e9e. Petite astuce : le diffuseur \u00ab sp\u00e9cial b\u00e9b\u00e9 \u00bb de Pranarom : SPHERA BB.<br \/>\n2- A\u00e9rer la chambre avant diffusion (m\u00eame l\u2019hiver).<br \/>\n3- Effectuer la diffusion sans b\u00e9b\u00e9 dans la chambre.<br \/>\n4- Jamais plus de deux gouttes d\u2019une huile essentielle dans le diffuseur.<br \/>\n5- Ne pas d\u00e9passer 10 minutes de diffusion.<\/p>\n<ul>\n<li><span style=\"color: #3366ff;\"><em>Principes de massage de b\u00e9b\u00e9<\/em> :<\/span><\/li>\n<\/ul>\n<p>1- Jamais d\u2019huiles pures sur la peau de b\u00e9b\u00e9<br \/>\n2- M\u00e9langer l\u2019huile ou les huiles avec de l\u2019huile d\u2019Argan ( ou m\u00eame de l\u2019huile d\u2019Olive)<br \/>\n3- 1 goutte d\u2019huile essentielle pour 5 gouttes d\u2019huile v\u00e9g\u00e9tale. La peau de b\u00e9b\u00e9 est fine, la diffusion est donc rapide ! Pas besoin de m\u00e9lange concentr\u00e9.<br \/>\n4- Masser les pieds de b\u00e9b\u00e9 ( sauf en cas de colique, vous pourrez masser le ventre).<\/p>\n<ul>\n<li><span style=\"color: #3366ff;\"><em>Quelques exemples<\/em> :<\/span><\/li>\n<\/ul>\n<p><strong>Sommeil de b\u00e9b\u00e9<\/strong> :<br \/>\nEn diffusion : m\u00e9langer 2 gouttes de lavande fine + 2 gouttes de Marjolaine \u00e0 coquilles<br \/>\nEn massage : 1 goutte de Lavande fine + 3 gouttes huiles Argan<br \/>\n<strong>B\u00e9b\u00e9 nerveux<\/strong> :<br \/>\nEn diffusion : m\u00e9langer 1 goutte de camomille romaine + 1 goutte Petit Grain Bigarade<br \/>\n<strong>B\u00e9b\u00e9 a un rhume ou un virus autre<\/strong> :<br \/>\nEn diffusion : 2 gouttes de Ravinstara + 2 gouttes de tea tree<br \/>\n<strong>B\u00e9b\u00e9 a le nez bouch\u00e9<\/strong> :<br \/>\nEn diffusion : 1 goutte de camomille noble + 1 goutte de Marjoliane+ 1 goutte d\u2019Inuline odorante<br \/>\n<strong>Booster l\u2019immunit\u00e9 de b\u00e9b\u00e9, souvent malade :<\/strong><br \/>\nMasser les pieds de b\u00e9b\u00e9 avec un m\u00e9lange Palmarosa+ Epinette noire+ Marjolaine \u00e0 coquille, 1 goutte de chaque dans 10 gouttes d\u2019huile d\u2019Argan.<br \/>\n<strong>B\u00e9b\u00e9 en en col\u00e8re<\/strong> :<br \/>\nMassez ses pieds avec 1 goutte de camomille romaine + 3 gouttes d\u2019huile d\u2019Argan<br \/>\n<strong>B\u00e9b\u00e9 a des coliques<\/strong> :<br \/>\nMasser son ventre et ses pieds avec 1 goutte de chaque de camomille noble+ Lavande vraie+ Petit grain bigarade+Fenouil dans 10 gouttes d\u2019huile d\u2019Argan.<\/p>\n<h2><strong>4- Quelles sont les huiles essentielles \u00e0 bannir absolument ?<\/strong><\/h2>\n<ul>\n<li>Camphre, Eucalyptus et Menthe sont \u00e0 proscrire totalement.<\/li>\n<li>Idem pour le tuya, sauge et hysope.<\/li>\n<li>Par exemple, ne jamais utiliser du baume du tigre chez b\u00e9b\u00e9 et l\u2019enfant<\/li>\n<li>A noter aussi l\u2019ang\u00e9lique, la cigue, l\u2019orange ou le citron et la bergamote, tr\u00e8s allergisante&#8230;.Car citron, orange\u2026.on ne pense pas \u00ab danger \u00bb !<\/li>\n<li>Ces huiles sont riches en c\u00e9tones. Donc, par d\u00e9finition, toutes les huiles concentr\u00e9es en c\u00e9tones sont \u00e0 proscrire chez le b\u00e9b\u00e9 et l\u2019enfant.<\/li>\n<li>Pour faire simple, la liste du paragraphe pr\u00e9c\u00e9dent est la <span style=\"color: #ff0000;\">liste positive des huiles pouvant \u00eatre utilis\u00e9es chez les b\u00e9b\u00e9s de plus de 3 mois<\/span>. Il faut consid\u00e9rer que les autres ne sont pas autoris\u00e9es, sauf prescriptions m\u00e9dicales.<\/li>\n<\/ul>\n<p>D\u2019ailleurs, nous recommandons souvent de <strong>prendre un avis m\u00e9dical<\/strong> pour l\u2019usage d\u2019huiles essentielles chez b\u00e9b\u00e9. L\u2019avis et l\u2019exp\u00e9rience d\u2019un sp\u00e9cialiste peut \u00eatre pr\u00e9cieux.<\/p>\n<p style=\"text-align: left;\">Il faut savoir que les <span style=\"color: #008000;\">pr\u00e9parations magistrales avec huiles essentielles<\/span> <strong>ne peuvent \u00eatre r\u00e9alis\u00e9es qu\u2019avec l\u2019ordonnance d\u2019un m\u00e9decin<\/strong> \u00e0 fortiori pour une pr\u00e9paration p\u00e9diatrique. De nombreux ouvrages vous donneront des recettes miracles de suppositoires pour b\u00e9b\u00e9 \u00e0 base d\u2019huiles essentielles. Aucune pharmacie ne les r\u00e9alisera sans ordonnance.<br \/>\nSi vous avez une ordonnance, votre pharmacie doit avoir un agr\u00e9ment de l\u2019ARS ( Agence R\u00e9gionale de Sant\u00e9) pour r\u00e9aliser des pr\u00e9parations p\u00e9diatriques. Ou alors, elle d\u00e9l\u00e9guera la pr\u00e9paration \u00e0 une pharmacie sous-traitante agr\u00e9e.<\/p>\n<h2><strong>5- Quels sont les signes d\u2019alerte \u00e0 conna\u00eetre d\u2019un mauvais usage d\u2019huiles essentielles chez le b\u00e9b\u00e9 ?<\/strong><\/h2>\n<p>Si les pr\u00e9cautions nomm\u00e9es n\u2019ont pas \u00e9t\u00e9 respect\u00e9es ou l\u2019huile essentielle pas adapt\u00e9e \u00e0 b\u00e9b\u00e9, <span style=\"color: #ff0000;\">les risques sont principalement <em>allergiques et neurologiques<\/em><\/span>.<\/p>\n<ul>\n<li>Pour les signes neurologiques : somnolence ou agitation anormale, perte d\u2019\u00e9quilibre voir convulsion.<\/li>\n<li>Pour les signes d\u2019allergies : peau, comme une brulure. Voies respiratoires : toux anormales, irritatives.<\/li>\n<li>N\u2019oubliez pas les gestes simples : si erreur de dosage en terme de diffusion ou r\u00e9action anormale de la peau, appeler le centre antipoison.<\/li>\n<li>En cas d\u2019administration par diffusion, sortez l\u2019enfant au grand air.<\/li>\n<li>Pour la peau, lavez la avec de l\u2019eau et du savon.<\/li>\n<li>Si b\u00e9b\u00e9 ing\u00e8re accidentellement de l\u2019huile essentielle, surtout, ne le faite pas vomir. L\u2019huile se propagerait dans les voies respiratoires. Faites-lui boire de l\u2019eau (pas de lait).<\/li>\n<\/ul>\n<h2><strong>6<\/strong>&#8211; <strong>Quand ne jamais utiliser d\u2019huiles essentielles chez un b\u00e9b\u00e9 ? Toutes les huiles !<\/strong><\/h2>\n<ul>\n<li>Les b\u00e9b\u00e9s et enfants souffrant d\u2019<strong>asthme ou d\u2019\u00e9pilepsie<\/strong> ne peuvent \u00eatre soulag\u00e9s avec des huiles essentielles.<\/li>\n<li>Un <strong>enfant m\u00e9dicament\u00e9<\/strong> dans le cas d\u2019une maladie chronique ne peut pas \u00eatre soign\u00e9 avec des huiles essentielles, car il y a un risque d\u2019interactions m\u00e9dicamenteuses.<\/li>\n<li>Si vous souhaitez dans ces cas des <span style=\"color: #339966;\">traitements naturels, <a href=\"https:\/\/www.pharmacie-homeopathie.com\/fr\/bebe-et-homeopathie-c1422.html\">l\u2019hom\u00e9opathie<\/a><\/span> est \u00e9galement pleine de ressource pour b\u00e9b\u00e9.<\/li>\n<\/ul>\n<h2><strong>7- La trousse huiles essentielles b\u00e9b\u00e9 \u00e0 avoir sous la main.<\/strong><\/h2>\n<p>Voici une s\u00e9lection des 5 huiles les plus compl\u00e8tes donc \u00e0 plusieurs actions (colique, sommeil, calmante, rhume, etc..)<br \/>\n<a href=\"https:\/\/www.pharmacie-homeopathie.com\/fr\/p-lavande-fine-bio-de-haute-provence-huile-essentielle-bio-p147330.html\">Lavande fine<\/a><br \/>\n<a href=\"https:\/\/www.pharmacie-homeopathie.com\/fr\/p-petit-grain-bigarade-bio-huile-essentielle-bio-p187965.html\">Petit Grain Bigarade<\/a><br \/>\n<a href=\"https:\/\/www.pharmacie-homeopathie.com\/fr\/p-ravintsara-bio-huile-essentielle-bio-p147934.html\">Ravinstara<\/a><br \/>\nCamomille noble<br \/>\nMarjolaine \u00e0 coquilles<\/p>\n","protected":false},"excerpt":{"rendered":"<p>Huiles essentielles et b\u00e9b\u00e9 ! 1- Pr\u00e9ambule Les huiles essentielles sont des produits tr\u00e8s concentr\u00e9s et tr\u00e8s actifs. Leur action est naturelle et puissante, ce qui<span class=\"excerpt-hellip\"> [\u2026]<\/span><\/p>\n","protected":false},"author":3,"featured_media":87,"parent":0,"menu_order":0,"comment_status":"closed","ping_status":"closed","template":"","meta":{"footnotes":""},"class_list":["post-2088","page","type-page","status-publish","has-post-thumbnail","hentry"],"yoast_head":"<!-- This site is optimized with the Yoast SEO plugin v26.6 - https:\/\/yoast.com\/wordpress\/plugins\/seo\/ -->\n<title>Comment et quelles huiles essentielles on peut utiliser chez les b\u00e9b\u00e9s ? - HOMEO EXPERT\u00ae<\/title>\n<meta name=\"description\" content=\"Comment et quelles huiles essentielles on peut utiliser chez les b\u00e9b\u00e9s ? - HOMEO EXPERT\u00ae\" \/>\n<meta name=\"robots\" content=\"index, follow, max-snippet:-1, max-image-preview:large, max-video-preview:-1\" \/>\n<link rel=\"canonical\" href=\"https:\/\/www.pharmacie-homeopathie.com\/blog\/quelles-huiles-essentielles-sans-danger-chez-les-bebes\/\" \/>\n<meta property=\"og:locale\" content=\"fr_FR\" \/>\n<meta property=\"og:type\" content=\"article\" \/>\n<meta property=\"og:title\" content=\"Comment et quelles huiles essentielles on peut utiliser chez les b\u00e9b\u00e9s ? - HOMEO EXPERT\u00ae\" \/>\n<meta property=\"og:description\" content=\"Comment et quelles huiles essentielles on peut utiliser chez les b\u00e9b\u00e9s ? - HOMEO EXPERT\u00ae\" \/>\n<meta property=\"og:url\" content=\"https:\/\/www.pharmacie-homeopathie.com\/blog\/quelles-huiles-essentielles-sans-danger-chez-les-bebes\/\" \/>\n<meta property=\"og:site_name\" content=\"HOMEO EXPERT\u00ae\" \/>\n<meta property=\"article:publisher\" content=\"https:\/\/www.facebook.com\/HomeoExpert\/\" \/>\n<meta property=\"article:modified_time\" content=\"2020-05-11T10:06:18+00:00\" \/>\n<meta property=\"og:image\" content=\"https:\/\/www.pharmacie-homeopathie.com\/blog\/wp-content\/uploads\/2015\/12\/BB-rhume.jpg\" \/>\n\t<meta property=\"og:image:width\" content=\"450\" \/>\n\t<meta property=\"og:image:height\" content=\"300\" \/>\n\t<meta property=\"og:image:type\" content=\"image\/jpeg\" \/>\n<meta name=\"twitter:card\" content=\"summary_large_image\" \/>\n<meta name=\"twitter:site\" content=\"@PharmaHomeo\" \/>\n<meta name=\"twitter:label1\" content=\"Dur\u00e9e de lecture estim\u00e9e\" \/>\n\t<meta name=\"twitter:data1\" content=\"9 minutes\" \/>\n<!-- \/ Yoast SEO plugin. -->","yoast_head_json":{"title":"Comment et quelles huiles essentielles on peut utiliser chez les b\u00e9b\u00e9s ? - HOMEO EXPERT\u00ae","description":"Comment et quelles huiles essentielles on peut utiliser chez les b\u00e9b\u00e9s ? - HOMEO EXPERT\u00ae","robots":{"index":"index","follow":"follow","max-snippet":"max-snippet:-1","max-image-preview":"max-image-preview:large","max-video-preview":"max-video-preview:-1"},"canonical":"https:\/\/www.pharmacie-homeopathie.com\/blog\/quelles-huiles-essentielles-sans-danger-chez-les-bebes\/","og_locale":"fr_FR","og_type":"article","og_title":"Comment et quelles huiles essentielles on peut utiliser chez les b\u00e9b\u00e9s ? - HOMEO EXPERT\u00ae","og_description":"Comment et quelles huiles essentielles on peut utiliser chez les b\u00e9b\u00e9s ? - HOMEO EXPERT\u00ae","og_url":"https:\/\/www.pharmacie-homeopathie.com\/blog\/quelles-huiles-essentielles-sans-danger-chez-les-bebes\/","og_site_name":"HOMEO EXPERT\u00ae","article_publisher":"https:\/\/www.facebook.com\/HomeoExpert\/","article_modified_time":"2020-05-11T10:06:18+00:00","og_image":[{"width":450,"height":300,"url":"https:\/\/www.pharmacie-homeopathie.com\/blog\/wp-content\/uploads\/2015\/12\/BB-rhume.jpg","type":"image\/jpeg"}],"twitter_card":"summary_large_image","twitter_site":"@PharmaHomeo","twitter_misc":{"Dur\u00e9e de lecture estim\u00e9e":"9 minutes"},"schema":{"@context":"https:\/\/schema.org","@graph":[{"@type":"WebPage","@id":"https:\/\/www.pharmacie-homeopathie.com\/blog\/quelles-huiles-essentielles-sans-danger-chez-les-bebes\/","url":"https:\/\/www.pharmacie-homeopathie.com\/blog\/quelles-huiles-essentielles-sans-danger-chez-les-bebes\/","name":"Comment et quelles huiles essentielles on peut utiliser chez les b\u00e9b\u00e9s ? - HOMEO EXPERT\u00ae","isPartOf":{"@id":"https:\/\/www.pharmacie-homeopathie.com\/blog\/#website"},"primaryImageOfPage":{"@id":"https:\/\/www.pharmacie-homeopathie.com\/blog\/quelles-huiles-essentielles-sans-danger-chez-les-bebes\/#primaryimage"},"image":{"@id":"https:\/\/www.pharmacie-homeopathie.com\/blog\/quelles-huiles-essentielles-sans-danger-chez-les-bebes\/#primaryimage"},"thumbnailUrl":"https:\/\/www.pharmacie-homeopathie.com\/blog\/wp-content\/uploads\/2015\/12\/BB-rhume.jpg","datePublished":"2018-05-17T09:59:40+00:00","dateModified":"2020-05-11T10:06:18+00:00","description":"Comment et quelles huiles essentielles on peut utiliser chez les b\u00e9b\u00e9s ? - HOMEO EXPERT\u00ae","breadcrumb":{"@id":"https:\/\/www.pharmacie-homeopathie.com\/blog\/quelles-huiles-essentielles-sans-danger-chez-les-bebes\/#breadcrumb"},"inLanguage":"fr-FR","potentialAction":[{"@type":"ReadAction","target":["https:\/\/www.pharmacie-homeopathie.com\/blog\/quelles-huiles-essentielles-sans-danger-chez-les-bebes\/"]}]},{"@type":"ImageObject","inLanguage":"fr-FR","@id":"https:\/\/www.pharmacie-homeopathie.com\/blog\/quelles-huiles-essentielles-sans-danger-chez-les-bebes\/#primaryimage","url":"https:\/\/www.pharmacie-homeopathie.com\/blog\/wp-content\/uploads\/2015\/12\/BB-rhume.jpg","contentUrl":"https:\/\/www.pharmacie-homeopathie.com\/blog\/wp-content\/uploads\/2015\/12\/BB-rhume.jpg","width":450,"height":300,"caption":"Soigner naturellement rhume de b\u00e9b\u00e9"},{"@type":"BreadcrumbList","@id":"https:\/\/www.pharmacie-homeopathie.com\/blog\/quelles-huiles-essentielles-sans-danger-chez-les-bebes\/#breadcrumb","itemListElement":[{"@type":"ListItem","position":1,"name":"Accueil","item":"https:\/\/www.pharmacie-homeopathie.com\/blog\/"},{"@type":"ListItem","position":2,"name":"Comment et quelles huiles essentielles on peut utiliser chez les b\u00e9b\u00e9s ?"}]},{"@type":"WebSite","@id":"https:\/\/www.pharmacie-homeopathie.com\/blog\/#website","url":"https:\/\/www.pharmacie-homeopathie.com\/blog\/","name":"HOMEO EXPERT\u00ae","description":"Le blog de la Pharmacie Hom\u00e9opathique Centrale \u00e0 Paris","publisher":{"@id":"https:\/\/www.pharmacie-homeopathie.com\/blog\/#organization"},"potentialAction":[{"@type":"SearchAction","target":{"@type":"EntryPoint","urlTemplate":"https:\/\/www.pharmacie-homeopathie.com\/blog\/?s={search_term_string}"},"query-input":{"@type":"PropertyValueSpecification","valueRequired":true,"valueName":"search_term_string"}}],"inLanguage":"fr-FR"},{"@type":"Organization","@id":"https:\/\/www.pharmacie-homeopathie.com\/blog\/#organization","name":"Pharmacie Hom\u00e9opathique Centrale Paris - PHC","url":"https:\/\/www.pharmacie-homeopathie.com\/blog\/","logo":{"@type":"ImageObject","inLanguage":"fr-FR","@id":"https:\/\/www.pharmacie-homeopathie.com\/blog\/#\/schema\/logo\/image\/","url":"https:\/\/www.pharmacie-homeopathie.com\/blog\/wp-content\/uploads\/2018\/11\/phc-logo.png","contentUrl":"https:\/\/www.pharmacie-homeopathie.com\/blog\/wp-content\/uploads\/2018\/11\/phc-logo.png","width":280,"height":113,"caption":"Pharmacie Hom\u00e9opathique Centrale Paris - PHC"},"image":{"@id":"https:\/\/www.pharmacie-homeopathie.com\/blog\/#\/schema\/logo\/image\/"},"sameAs":["https:\/\/www.facebook.com\/HomeoExpert\/","https:\/\/x.com\/PharmaHomeo","https:\/\/www.youtube.com\/channel\/UCjrIcslKFiRvnhDZ26jyXYQ","https:\/\/www.pinterest.fr\/pin\/103864335143240482\/"]}]}},"_links":{"self":[{"href":"https:\/\/www.pharmacie-homeopathie.com\/blog\/wp-json\/wp\/v2\/pages\/2088","targetHints":{"allow":["GET"]}}],"collection":[{"href":"https:\/\/www.pharmacie-homeopathie.com\/blog\/wp-json\/wp\/v2\/pages"}],"about":[{"href":"https:\/\/www.pharmacie-homeopathie.com\/blog\/wp-json\/wp\/v2\/types\/page"}],"author":[{"embeddable":true,"href":"https:\/\/www.pharmacie-homeopathie.com\/blog\/wp-json\/wp\/v2\/users\/3"}],"replies":[{"embeddable":true,"href":"https:\/\/www.pharmacie-homeopathie.com\/blog\/wp-json\/wp\/v2\/comments?post=2088"}],"version-history":[{"count":7,"href":"https:\/\/www.pharmacie-homeopathie.com\/blog\/wp-json\/wp\/v2\/pages\/2088\/revisions"}],"predecessor-version":[{"id":3407,"href":"https:\/\/www.pharmacie-homeopathie.com\/blog\/wp-json\/wp\/v2\/pages\/2088\/revisions\/3407"}],"wp:featuredmedia":[{"embeddable":true,"href":"https:\/\/www.pharmacie-homeopathie.com\/blog\/wp-json\/wp\/v2\/media\/87"}],"wp:attachment":[{"href":"https:\/\/www.pharmacie-homeopathie.com\/blog\/wp-json\/wp\/v2\/media?parent=2088"}],"curies":[{"name":"wp","href":"https:\/\/api.w.org\/{rel}","templated":true}]}}