{"id":18,"date":"2015-10-30T15:54:39","date_gmt":"2015-10-30T14:54:39","guid":{"rendered":"https:\/\/www.pharmacie-homeopathie.com\/blog\/?page_id=18"},"modified":"2016-04-19T11:56:48","modified_gmt":"2016-04-19T09:56:48","slug":"mentions-legales","status":"publish","type":"page","link":"https:\/\/www.pharmacie-homeopathie.com\/blog\/mentions-legales\/","title":{"rendered":"Mentions l\u00e9gales"},"content":{"rendered":"<h2>Pharmacie Hom\u00e9opathique Centrale<\/h2>\n<p>126, rue de la pompe<br \/>\n75116 Paris<br \/>\nT\u00e9l\u00e9phone : <strong>01 47 27 99 08<\/strong><br \/>\nFax : 01 47 55 03 61<br \/>\nMail : <a href=\"mailto:pharmaciehomeopathiquecentrale@wanadoo.fr\">pharmaciehomeopathiquecentrale@wanadoo.fr<\/a><\/p>\n<h3><strong>Titulaires :<\/strong><\/h3>\n<p>&gt; Jean-Luc GAILLARD, <strong>docteur en pharmacie<\/strong>,\u00a0 N\u00b0 RPPS : 10100208122<br \/>\n&gt; Nathalie HERVE, <strong>docteur en pharmacie<\/strong>, <strong>N\u00b0 <\/strong>RPPS : 10000488063<br \/>\n&gt; H\u00e9l\u00e8ne BERRUE-GAILLARD, <strong>docteur en pharmacie<\/strong>, N\u00b0 RPPS : 10000592377<\/p>\n<h3><strong>Type d\u2019entreprise :<\/strong><\/h3>\n<p>SELARL<br \/>\nN\u00b0 agr\u00e9ment : D752037499<br \/>\nN\u00b0 Siret :\u00a0 532 988 466 000 19<br \/>\nRCS : 532 988 466 R.C.S. Paris<br \/>\nCode APE : 4773Z<br \/>\nN\u00b0 TVA intracommunautaire : FR47532988466<br \/>\nAutorisation de vente de m\u00e9dicaments sur internet accept\u00e9e aupr\u00e8s de l&#8217;ARS.<br \/>\nD\u00e9claration normale aupr\u00e8s de la CNIL (Commission nationale de l&#8217;informatique et des libert\u00e9s) : n\u00b0 1797934<\/p>\n<h3><strong>Prestataire de l&#8217;h\u00e9bergement agr\u00e9\u00e9 Sant\u00e9 :<\/strong><\/h3>\n<p><img decoding=\"async\" src=\"https:\/\/www.pharmacie-homeopathie.com\/files\/fck\/images\/Logo%20grita.png\" alt=\"\" \/><\/p>\n<p>18-20 rue du Faubourg du Temple<br \/>\n75011 PARIS<br \/>\nT\u00e9l :\u00a0+33 1 82 73 11 50<a href=\"http:\/\/www.grita.fr\/\" target=\"_blank\"><br \/>\n<\/a><a href=\"http:\/\/www.grita.fr\/\" target=\"_blank\">www.grita.fr<\/a><\/p>\n<p><strong>Agence R\u00e9gionale de Sant\u00e9 territorialement comp\u00e9tente :<\/strong><br \/>\nA.R.S. Ile de France,<br \/>\nD\u00e9partement CSSPSS, Mill\u00e9naire 2<br \/>\n35, rue de la gare, 75935 Paris Cedex 19.<br \/>\n<a href=\"http:\/\/www.ars.iledefrance.sante.fr\/\" target=\"_blank\">www.ars.iledefrance.sante.fr<\/a><\/p>\n<p><strong>Agence Nationale de S\u00e9curit\u00e9 du M\u00e9dicament et des produits de sant\u00e9 (ANSM) :<\/strong><br \/>\n143-147, Boulevard Anatole France<br \/>\n93285 Saint-Denis Cedex<br \/>\nT\u00e9l : 01 55 87 30 00<br \/>\n<a href=\"http:\/\/www.ansm.sante.fr\/Declarer-un-effet-indesirable\/Comment-declarer-un-effet-indesirable\/Declarer-un-effet-indesirable-mode-d-emploi\/(offset)\/0\" target=\"_blank\">D\u00e9claration de pharmacovigilance<\/a><br \/>\n<a href=\"http:\/\/www.ansm.sante.fr\/\" target=\"_blank\">www.ansm.sante.fr<\/a><\/p>\n<p><strong>L&#8217;Ordre national des Pharmaciens :<\/strong><br \/>\n<a href=\"http:\/\/www.ordre.pharmacien.fr\/\" target=\"_blank\">www.ordre.pharmacien.fr<\/a><\/p>\n<p><strong>Minist\u00e8re des Affaires sociales et de la Sant\u00e9 :<\/strong><br \/>\n<a href=\"http:\/\/www.sante.gouv.fr\/\" target=\"_blank\">www.sante.gouv.fr<\/a><\/p>\n<p><strong>Liste des sites internet de pharmacies autoris\u00e9es :<\/strong><\/p>\n<p><a href=\"http:\/\/www.ordre.pharmacien.fr\/ecommerce\/search?site=www.pharmacie-homeopathie.com\" target=\"_blank\"><img decoding=\"async\" src=\"https:\/\/www.pharmacie-homeopathie.com\/files\/fck\/images\/Logo_L%C3%83%C2%A9galit%C3%83%C2%A9%20site.jpg\" alt=\"\" \/><\/a><\/p>\n","protected":false},"excerpt":{"rendered":"<p>Pharmacie Hom\u00e9opathique Centrale 126, rue de la pompe 75116 Paris T\u00e9l\u00e9phone : 01 47 27 99 08 Fax : 01 47 55 03 61 Mail :<span class=\"excerpt-hellip\"> [\u2026]<\/span><\/p>\n","protected":false},"author":3,"featured_media":0,"parent":0,"menu_order":0,"comment_status":"closed","ping_status":"closed","template":"","meta":{"footnotes":""},"class_list":["post-18","page","type-page","status-publish","hentry"],"yoast_head":"<!-- This site is optimized with the Yoast SEO plugin v26.6 - https:\/\/yoast.com\/wordpress\/plugins\/seo\/ -->\n<title>Mentions l\u00e9gales - Blog de la pharmacie PHC<\/title>\n<meta name=\"description\" content=\"Mentions l\u00e9gales - HOMEO EXPERT\u00ae\" \/>\n<meta name=\"robots\" content=\"index, follow, max-snippet:-1, max-image-preview:large, max-video-preview:-1\" \/>\n<link rel=\"canonical\" href=\"https:\/\/www.pharmacie-homeopathie.com\/blog\/mentions-legales\/\" \/>\n<meta property=\"og:locale\" content=\"fr_FR\" \/>\n<meta property=\"og:type\" content=\"article\" \/>\n<meta property=\"og:title\" content=\"Mentions l\u00e9gales - Blog de la pharmacie PHC\" \/>\n<meta property=\"og:description\" content=\"Mentions l\u00e9gales - HOMEO EXPERT\u00ae\" \/>\n<meta property=\"og:url\" content=\"https:\/\/www.pharmacie-homeopathie.com\/blog\/mentions-legales\/\" \/>\n<meta property=\"og:site_name\" content=\"HOMEO EXPERT\u00ae\" \/>\n<meta property=\"article:publisher\" content=\"https:\/\/www.facebook.com\/HomeoExpert\/\" \/>\n<meta property=\"article:modified_time\" content=\"2016-04-19T09:56:48+00:00\" \/>\n<meta property=\"og:image\" content=\"https:\/\/www.pharmacie-homeopathie.com\/files\/fck\/images\/Logo%20grita.png\" \/>\n<meta name=\"twitter:card\" content=\"summary_large_image\" \/>\n<meta name=\"twitter:site\" content=\"@PharmaHomeo\" \/>\n<meta name=\"twitter:label1\" content=\"Dur\u00e9e de lecture estim\u00e9e\" \/>\n\t<meta name=\"twitter:data1\" content=\"1 minute\" \/>\n<!-- \/ Yoast SEO plugin. -->","yoast_head_json":{"title":"Mentions l\u00e9gales - Blog de la pharmacie PHC","description":"Mentions l\u00e9gales - HOMEO EXPERT\u00ae","robots":{"index":"index","follow":"follow","max-snippet":"max-snippet:-1","max-image-preview":"max-image-preview:large","max-video-preview":"max-video-preview:-1"},"canonical":"https:\/\/www.pharmacie-homeopathie.com\/blog\/mentions-legales\/","og_locale":"fr_FR","og_type":"article","og_title":"Mentions l\u00e9gales - Blog de la pharmacie PHC","og_description":"Mentions l\u00e9gales - HOMEO EXPERT\u00ae","og_url":"https:\/\/www.pharmacie-homeopathie.com\/blog\/mentions-legales\/","og_site_name":"HOMEO EXPERT\u00ae","article_publisher":"https:\/\/www.facebook.com\/HomeoExpert\/","article_modified_time":"2016-04-19T09:56:48+00:00","og_image":[{"url":"https:\/\/www.pharmacie-homeopathie.com\/files\/fck\/images\/Logo%20grita.png","type":"","width":"","height":""}],"twitter_card":"summary_large_image","twitter_site":"@PharmaHomeo","twitter_misc":{"Dur\u00e9e de lecture estim\u00e9e":"1 minute"},"schema":{"@context":"https:\/\/schema.org","@graph":[{"@type":"WebPage","@id":"https:\/\/www.pharmacie-homeopathie.com\/blog\/mentions-legales\/","url":"https:\/\/www.pharmacie-homeopathie.com\/blog\/mentions-legales\/","name":"Mentions l\u00e9gales - Blog de la pharmacie PHC","isPartOf":{"@id":"https:\/\/www.pharmacie-homeopathie.com\/blog\/#website"},"primaryImageOfPage":{"@id":"https:\/\/www.pharmacie-homeopathie.com\/blog\/mentions-legales\/#primaryimage"},"image":{"@id":"https:\/\/www.pharmacie-homeopathie.com\/blog\/mentions-legales\/#primaryimage"},"thumbnailUrl":"https:\/\/www.pharmacie-homeopathie.com\/files\/fck\/images\/Logo%20grita.png","datePublished":"2015-10-30T14:54:39+00:00","dateModified":"2016-04-19T09:56:48+00:00","description":"Mentions l\u00e9gales - HOMEO EXPERT\u00ae","breadcrumb":{"@id":"https:\/\/www.pharmacie-homeopathie.com\/blog\/mentions-legales\/#breadcrumb"},"inLanguage":"fr-FR","potentialAction":[{"@type":"ReadAction","target":["https:\/\/www.pharmacie-homeopathie.com\/blog\/mentions-legales\/"]}]},{"@type":"ImageObject","inLanguage":"fr-FR","@id":"https:\/\/www.pharmacie-homeopathie.com\/blog\/mentions-legales\/#primaryimage","url":"https:\/\/www.pharmacie-homeopathie.com\/files\/fck\/images\/Logo%20grita.png","contentUrl":"https:\/\/www.pharmacie-homeopathie.com\/files\/fck\/images\/Logo%20grita.png"},{"@type":"BreadcrumbList","@id":"https:\/\/www.pharmacie-homeopathie.com\/blog\/mentions-legales\/#breadcrumb","itemListElement":[{"@type":"ListItem","position":1,"name":"Accueil","item":"https:\/\/www.pharmacie-homeopathie.com\/blog\/"},{"@type":"ListItem","position":2,"name":"Mentions l\u00e9gales"}]},{"@type":"WebSite","@id":"https:\/\/www.pharmacie-homeopathie.com\/blog\/#website","url":"https:\/\/www.pharmacie-homeopathie.com\/blog\/","name":"HOMEO EXPERT\u00ae","description":"Le blog de la Pharmacie Hom\u00e9opathique Centrale \u00e0 Paris","publisher":{"@id":"https:\/\/www.pharmacie-homeopathie.com\/blog\/#organization"},"potentialAction":[{"@type":"SearchAction","target":{"@type":"EntryPoint","urlTemplate":"https:\/\/www.pharmacie-homeopathie.com\/blog\/?s={search_term_string}"},"query-input":{"@type":"PropertyValueSpecification","valueRequired":true,"valueName":"search_term_string"}}],"inLanguage":"fr-FR"},{"@type":"Organization","@id":"https:\/\/www.pharmacie-homeopathie.com\/blog\/#organization","name":"Pharmacie Hom\u00e9opathique Centrale Paris - PHC","url":"https:\/\/www.pharmacie-homeopathie.com\/blog\/","logo":{"@type":"ImageObject","inLanguage":"fr-FR","@id":"https:\/\/www.pharmacie-homeopathie.com\/blog\/#\/schema\/logo\/image\/","url":"https:\/\/www.pharmacie-homeopathie.com\/blog\/wp-content\/uploads\/2018\/11\/phc-logo.png","contentUrl":"https:\/\/www.pharmacie-homeopathie.com\/blog\/wp-content\/uploads\/2018\/11\/phc-logo.png","width":280,"height":113,"caption":"Pharmacie Hom\u00e9opathique Centrale Paris - PHC"},"image":{"@id":"https:\/\/www.pharmacie-homeopathie.com\/blog\/#\/schema\/logo\/image\/"},"sameAs":["https:\/\/www.facebook.com\/HomeoExpert\/","https:\/\/x.com\/PharmaHomeo","https:\/\/www.youtube.com\/channel\/UCjrIcslKFiRvnhDZ26jyXYQ","https:\/\/www.pinterest.fr\/pin\/103864335143240482\/"]}]}},"_links":{"self":[{"href":"https:\/\/www.pharmacie-homeopathie.com\/blog\/wp-json\/wp\/v2\/pages\/18","targetHints":{"allow":["GET"]}}],"collection":[{"href":"https:\/\/www.pharmacie-homeopathie.com\/blog\/wp-json\/wp\/v2\/pages"}],"about":[{"href":"https:\/\/www.pharmacie-homeopathie.com\/blog\/wp-json\/wp\/v2\/types\/page"}],"author":[{"embeddable":true,"href":"https:\/\/www.pharmacie-homeopathie.com\/blog\/wp-json\/wp\/v2\/users\/3"}],"replies":[{"embeddable":true,"href":"https:\/\/www.pharmacie-homeopathie.com\/blog\/wp-json\/wp\/v2\/comments?post=18"}],"version-history":[{"count":3,"href":"https:\/\/www.pharmacie-homeopathie.com\/blog\/wp-json\/wp\/v2\/pages\/18\/revisions"}],"predecessor-version":[{"id":36,"href":"https:\/\/www.pharmacie-homeopathie.com\/blog\/wp-json\/wp\/v2\/pages\/18\/revisions\/36"}],"wp:attachment":[{"href":"https:\/\/www.pharmacie-homeopathie.com\/blog\/wp-json\/wp\/v2\/media?parent=18"}],"curies":[{"name":"wp","href":"https:\/\/api.w.org\/{rel}","templated":true}]}}